{"id":102,"date":"2016-02-09T12:44:17","date_gmt":"2016-02-09T12:44:17","guid":{"rendered":"http:\/\/bode.staging.77ps.de\/?page_id=102"},"modified":"2024-04-19T14:58:13","modified_gmt":"2024-04-19T14:58:13","slug":"spirituosen-und-sekt","status":"publish","type":"page","link":"https:\/\/getraenke-bode.de\/index.php\/spirituosen-und-sekt\/","title":{"rendered":"Spirituosen"},"content":{"rendered":"<p class=\"lead\">Spirituosen<\/p>\n<p><img loading=\"lazy\" decoding=\"async\" class=\"size-full wp-image-88 alignright\" style=\"padding-left: 20px;\" src=\"http:\/\/getraenke-bode.de\/wp-content\/uploads\/2016\/02\/ob_sortiment_spirituosen.jpg\" alt=\"ob_sortiment_spirituosen\" width=\"220\" height=\"293\" \/><\/p>\n<p>Sie m\u00fcssen auf nichts verzichten. Unsere gro\u00dfe Produktauswahl und -vielfalt wird Sie bestimmt \u00fcberzeugen. Denken Sie daran, dass wir Ihnen auf Wunsch auch die Getr\u00e4nke anliefern. N\u00e4heres dazu finden Sie unter <a href=\"\/index.php\/lieferservice-heimdienst\/\">Lieferservice<\/a>.<\/p>\n<ul>\n<li>Nationale und internationale Spirituosen<\/li>\n<\/ul>\n<p><a href=\"https:\/\/getraenke-bode.de\/wp-content\/uploads\/2024\/04\/spirituosen-4-24.pdf\">spirituosen<\/a><\/p>\n<p>&nbsp;<\/p>","protected":false},"excerpt":{"rendered":"<p>Spirituosen Sie m\u00fcssen auf nichts verzichten. Unsere gro\u00dfe Produktauswahl und -vielfalt wird Sie bestimmt \u00fcberzeugen. Denken Sie daran, dass wir Ihnen auf Wunsch auch die Getr\u00e4nke anliefern. N\u00e4heres dazu finden Sie unter Lieferservice. Nationale und internationale Spirituosen spirituosen &nbsp;<\/p>\n","protected":false},"author":1,"featured_media":0,"parent":0,"menu_order":0,"comment_status":"closed","ping_status":"closed","template":"sortiment.php","meta":{"_acf_changed":false,"footnotes":""},"class_list":["post-102","page","type-page","status-publish","hentry"],"acf":[],"_links":{"self":[{"href":"https:\/\/getraenke-bode.de\/index.php\/wp-json\/wp\/v2\/pages\/102","targetHints":{"allow":["GET"]}}],"collection":[{"href":"https:\/\/getraenke-bode.de\/index.php\/wp-json\/wp\/v2\/pages"}],"about":[{"href":"https:\/\/getraenke-bode.de\/index.php\/wp-json\/wp\/v2\/types\/page"}],"author":[{"embeddable":true,"href":"https:\/\/getraenke-bode.de\/index.php\/wp-json\/wp\/v2\/users\/1"}],"replies":[{"embeddable":true,"href":"https:\/\/getraenke-bode.de\/index.php\/wp-json\/wp\/v2\/comments?post=102"}],"version-history":[{"count":43,"href":"https:\/\/getraenke-bode.de\/index.php\/wp-json\/wp\/v2\/pages\/102\/revisions"}],"predecessor-version":[{"id":2543,"href":"https:\/\/getraenke-bode.de\/index.php\/wp-json\/wp\/v2\/pages\/102\/revisions\/2543"}],"wp:attachment":[{"href":"https:\/\/getraenke-bode.de\/index.php\/wp-json\/wp\/v2\/media?parent=102"}],"curies":[{"name":"wp","href":"https:\/\/api.w.org\/{rel}","templated":true}]}}