{"id":1246,"date":"2018-10-27T06:46:30","date_gmt":"2018-10-27T06:46:30","guid":{"rendered":"http:\/\/getraenke-bode.de\/?page_id=1246"},"modified":"2026-02-13T07:53:49","modified_gmt":"2026-02-13T07:53:49","slug":"job","status":"publish","type":"page","link":"https:\/\/getraenke-bode.de\/index.php\/job\/","title":{"rendered":"Job"},"content":{"rendered":"<h1><\/h1>\n<h1><\/h1>\n<h1>STELLENANGEBOTE<\/h1>\n<p>&#8211; Kraftfahrer zur Zeit nicht<\/p>\n<p>&#8211; Gro\u00df- oder Einzelhandelskaufmann<\/p>\n<p>&nbsp;<\/p>\n<p>Alle Stellen (m\/w\/d), in Vollzeit(au\u00dfer Aushilfen) f\u00fcr unseren Standort in Seevetal-Hittfeld.<br \/>\nWir bieten sichere und dauerhafte Arbeitspl\u00e4tze in einem sehr kollegialen und familienfreundlichen Umfeld mit flexiblen Arbeitszeiten. Eine gute Bezahlung ist f\u00fcr uns ebenso selbstverst\u00e4ndlich, wie eine Tankkarte, Geld f\u00fcr Arbeitskleidung und andere Extras.<\/p>\n<p>Unsere offenen Stellen im Einzelnen:<\/p>\n<h2>Stellenangebot als Gro\u00df- oder Einzelhandelskaufmann<\/h2>\n<p>F\u00fcr unseren Getr\u00e4nkefachhandel suchen wir einen zuverl\u00e4ssigen Mitarbeiter, mit<\/p>\n<p>abgeschlossener Ausbildung. Zu den Aufgaben geh\u00f6rt das Bedienen der Kunden im<\/p>\n<p>Getr\u00e4nkefachmarkt(mit Kofferraumservice), Bestellungen f\u00fcr die Auslieferung und\u00a0 Veranstaltungen annehmen,<\/p>\n<p>Lieferscheine am PC erstellen und Ware kommissionieren.\u00a0 Wir setzen eine entsprechende<\/p>\n<p>Ausbildung voraus.<\/p>\n<h2><\/h2>\n<h2><strong>Stellenangebot als Fachkraft f\u00fcr Lagerlogistik<\/strong><\/h2>\n<p>F\u00fcr unser Lager in Hittfeld suchen wir eine Fachkraft f\u00fcr Lagerlogistik.<\/p>\n<p>Zum Aufgabengebiet geh\u00f6ren: Be- und Entladung unserer Fahrzeuge und der Lieferantenfahrzeuge, Einlagerung und<\/p>\n<p>Auff\u00fcllen der Best\u00e4nde im Abholmarkt. Vorkommissionierung der Auslieferware.<\/p>\n<p>Wir erwarten eine abgeschlossene Ausbildung, gute Deutschkenntnisse in Schrift und Wort, einen<\/p>\n<p>Gabelstaplerschein, selbstst\u00e4ndige Arbeitsweise und k\u00f6rperliche Belastbarkeit.<\/p>\n<h2>Stellenangebot als Kraftfahrer LKW(CE) und Transporter (B und BE) f\u00fcr unser Team in Hittfeld<\/h2>\n<p>Mit diesem Jobangebot sucht der Getr\u00e4nkefachhandel Otto Bode aus Seevetal-Hittfeld Kraftfahrer. Wir sind als Getr\u00e4nke-Gro\u00df- und Einzelh\u00e4ndler ein verl\u00e4sslicher<\/p>\n<p>Partner und Dienstleister der Hotellerie und Gastronomie, sowie erste Adresse f\u00fcr Gewerbe, Vereine und alle privaten Verbraucher der Region. Seit \u00fcber 50 Jahren<\/p>\n<p>sind wir auch ein zuverl\u00e4ssiger und flexibler Ausstatter von Gro\u00dfveranstaltungen sowie Events aller Art. M\u00f6chtest du uns dabei als Fahrer am Standort Hittfeld<\/p>\n<p>unterst\u00fctzen? Dann melde Dich auf dieses Stellenangebot und schicke uns Deine Unterlagen mit dem Stichwort \u201eKraftfahrer &#8220; Seevetal-Hittfeld.\u201c<\/p>\n<h2>Was wir Dir in Hittfeld als Fahrer bieten k\u00f6nnen, wenn Du das Stellenangebot annimmst<\/h2>\n<p>Kraftfahrer die unser Stellenangebot annehmen, finden bei uns einen sicheren und dauerhaften Arbeitsplatz am Standort Seevetal-Hittfeld. Wir bieten eine<\/p>\n<p>abwechslungsreiche T\u00e4tigkeit in einem motivierten Team, angemessene Bezahlung und flexible Arbeitszeiten, die neben dem Job noch ein normales Familienleben<\/p>\n<p>erm\u00f6glichen. Wir bieten unseren Kraftfahrern neben einem modernen Fuhrpark, mit dem das Arbeiten Spa\u00df macht, ein famili\u00e4res und kollegiales Betriebsklima<\/p>\n<p>in dem man sich rund-um wohlf\u00fchlen kann.<\/p>\n<h3>Du meinst unser Stellenangebot zum Kraftfahrer oder zur Fachkraft f\u00fcr Lagerlogistik am Standort Seevetal w\u00e4re was f\u00fcr Dich?<\/h3>\n<p>Dann freuen wir uns auf Deine Bewerbung.<\/p>\n<p>Per Post: Getr\u00e4nkefachhandel Otto Bode, Lindhorster Str. 28, 21218 Seevetal<br \/>\nPer Mail: <a href=\"mailto:info@getraenke-bode.de\">info@getraenke-bode<\/a>.de<br \/>\nPer Telefon: 04105 \u2013 5 26 93<\/p>\n<p>&nbsp;<\/p>\n<p>&nbsp;<\/p>","protected":false},"excerpt":{"rendered":"<p>STELLENANGEBOTE &#8211; Kraftfahrer zur Zeit nicht &#8211; Gro\u00df- oder Einzelhandelskaufmann &nbsp; Alle Stellen (m\/w\/d), in Vollzeit(au\u00dfer Aushilfen) f\u00fcr unseren Standort in Seevetal-Hittfeld. Wir bieten sichere und dauerhafte Arbeitspl\u00e4tze in einem sehr kollegialen und familienfreundlichen Umfeld mit flexiblen Arbeitszeiten. Eine gute Bezahlung ist f\u00fcr uns ebenso selbstverst\u00e4ndlich, wie eine Tankkarte, Geld f\u00fcr Arbeitskleidung und andere Extras. [&hellip;]<\/p>\n","protected":false},"author":1,"featured_media":0,"parent":0,"menu_order":0,"comment_status":"closed","ping_status":"closed","template":"","meta":{"_acf_changed":false,"footnotes":""},"class_list":["post-1246","page","type-page","status-publish","hentry"],"acf":[],"_links":{"self":[{"href":"https:\/\/getraenke-bode.de\/index.php\/wp-json\/wp\/v2\/pages\/1246","targetHints":{"allow":["GET"]}}],"collection":[{"href":"https:\/\/getraenke-bode.de\/index.php\/wp-json\/wp\/v2\/pages"}],"about":[{"href":"https:\/\/getraenke-bode.de\/index.php\/wp-json\/wp\/v2\/types\/page"}],"author":[{"embeddable":true,"href":"https:\/\/getraenke-bode.de\/index.php\/wp-json\/wp\/v2\/users\/1"}],"replies":[{"embeddable":true,"href":"https:\/\/getraenke-bode.de\/index.php\/wp-json\/wp\/v2\/comments?post=1246"}],"version-history":[{"count":111,"href":"https:\/\/getraenke-bode.de\/index.php\/wp-json\/wp\/v2\/pages\/1246\/revisions"}],"predecessor-version":[{"id":2801,"href":"https:\/\/getraenke-bode.de\/index.php\/wp-json\/wp\/v2\/pages\/1246\/revisions\/2801"}],"wp:attachment":[{"href":"https:\/\/getraenke-bode.de\/index.php\/wp-json\/wp\/v2\/media?parent=1246"}],"curies":[{"name":"wp","href":"https:\/\/api.w.org\/{rel}","templated":true}]}}