{"id":42,"date":"2016-02-09T08:13:27","date_gmt":"2016-02-09T08:13:27","guid":{"rendered":"http:\/\/bode.staging.77ps.de\/?page_id=42"},"modified":"2023-02-15T09:57:13","modified_gmt":"2023-02-15T09:57:13","slug":"start","status":"publish","type":"page","link":"https:\/\/getraenke-bode.de\/","title":{"rendered":"Start"},"content":{"rendered":"<p class=\"lead\"><strong>Willkommen beim Getr\u00e4nkefachhandel Otto Bode<\/strong><\/p>\n<p><strong>Als verl\u00e4sslicher Partner und Dienstleister in Sachen Getr\u00e4nke ist das Unternehmen Otto Bode die erste Adresse f\u00fcr die Gastronomie, f\u00fcr Firmen und Vereine und f\u00fcr alle privaten Verbraucher und Kunden in der Region.<\/strong><\/p>\n<p><strong>Seit \u00fcber 50 Jahren sind wir auch ein zuverl\u00e4ssiger und flexibler <span class=\"Schrift-Blau\">Partner f\u00fcr Gro\u00dfveranstaltungen<\/span> (Dorffeste, Sch\u00fctzenfeste, usw.) und auch f\u00fcr <span class=\"Schrift-Blau\">private Veranstaltungen<\/span>. Ein gro\u00dfes und umfangreiches Sortiment an Getr\u00e4nken und Leihmaterial erm\u00f6glicht einen umfassenden Service in allen Bereichen.<\/strong><\/p>\n<p><strong>F\u00fcr alle Leistungs- und Servicebereiche finden Sie hier auf unserer Homepage ausreichende Informationen und viele Daten. Schreiben Sie uns gerne oder rufen Sie uns an, wenn Sie weitere Fragen haben. <span class=\"Schrift-Blau\">Wir freuen uns auf Sie.<\/span><\/strong><\/p>\n<p>&nbsp;<\/p>\n<h2><span style=\"color: #000000;\"><strong>Jetzt NEU!!! Digital und einfach \u00fcber die Octopus-App bestellen. <\/strong><\/span><\/h2>\n<h2><span style=\"color: #000000;\"><strong>Dazu ben\u00f6tigen Sie nur Ihre Kundennummer und Postleitzahl,<\/strong><\/span><\/h2>\n<h2><span style=\"color: #000000;\"><strong>daraufhin wird Ihnen automatisch Ihr Sortiment angezeigt <\/strong><\/span><\/h2>\n<h2><span style=\"color: #000000;\"><strong>und Sie brauchen nurnoch die gew\u00fcnschten Mengen eingeben.<\/strong><\/span><\/h2>\n<p><img loading=\"lazy\" decoding=\"async\" class=\"\" role=\"tabpanel\" draggable=\"false\" src=\"https:\/\/ucaf19783d29399a643be6dba678.previews.dropboxusercontent.com\/p\/pdf_img\/ABx-FaV91DruBbgJns_PMoZ55rUTA3UxLMk7QJj5ucR2J78uU58UHh4ngz9tKuspDdIAMykdhGd4ZTUkaYSk3WtuDPYaXhg_AQn9iKXAu5XOjKn-rDYSmEaYYYb_9rIIwd9anI6ADwSqPFg86kFhfJFyxletfYHB5G78VtWoIgs_TEz7apFEEg3K_SGH_o6d-E04SwVGrZzpREXgZe3Zt37kWG2_HaVTGqHz7_WqEl-Sfq_0VSninnGp6qQ3lQPX2577-xN337ex5j4hLE_FZvDpuB8GH5d04gps7knrTctHnE2tJcCQSwYE7Tg55cAh9bulz07fRszYVzrKAY_dUfySq3vsK70q51lEb02GQLpq12EG_gk-C5LsFMXWVs5JcgowPtfeIXQWjwVWdnwYgRYh\/p.png?page=0&amp;scale_percent=200\" alt=\"flyer_rueckseiten_14.pdf\" width=\"697\" height=\"348\" aria-hidden=\"true\" data-testid=\"fvsdk-doc-page-0\" \/><\/p>\n<p>&nbsp;<\/p>\n<p>&nbsp;<\/p>\n<p><strong>Sie erreichen uns ab sofort auch \u00fcber Whats App, einfach den QR Code scannen:<\/strong><\/p>\n<p><a href=\"https:\/\/getraenke-bode.de\/wp-content\/uploads\/2020\/11\/Unbenannt-2.jpg\"><img loading=\"lazy\" decoding=\"async\" class=\"alignnone size-full wp-image-1743\" src=\"https:\/\/getraenke-bode.de\/wp-content\/uploads\/2020\/11\/Unbenannt-2.jpg\" alt=\"\" width=\"257\" height=\"260\" \/><\/a><\/p>\n<p><img decoding=\"async\" src=\"https:\/\/getraenke-bode.de\/wp-content\/uploads\/2022\/04\/gekopa-logo-mitschriftzug-02.png\" \/><\/p>\n<p>&nbsp;<\/p>\n<p>&nbsp;<\/p>\n<p>&nbsp;<\/p>\n<p><a href=\"http:\/\/getraenke-bode.de\/wp-content\/uploads\/2017\/02\/kegverschl\u00fc\u00dfe-Liste.pdf\" rel=\"\">Kegverschl\u00fc\u00dfe Liste<\/a>\u00a0(welcher Kegverschlu\u00df pa\u00dft zu welchem Bier)<\/p>\n<h2>Wasserwerte<\/h2>\n<p>Wie ist Ihr Mineralwasser mineralisiert? Machen Sie den Vergleich!<br \/>\n<a href=\"https:\/\/www.mineralienrechner.de\/mineralwasser-vergleich-gerolsteiner-mineralienrechner.html\">www.mineralienrechner.de<\/a><\/p>","protected":false},"excerpt":{"rendered":"<p>Willkommen beim Getr\u00e4nkefachhandel Otto Bode Als verl\u00e4sslicher Partner und Dienstleister in Sachen Getr\u00e4nke ist das Unternehmen Otto Bode die erste Adresse f\u00fcr die Gastronomie, f\u00fcr Firmen und Vereine und f\u00fcr alle privaten Verbraucher und Kunden in der Region. Seit \u00fcber 50 Jahren sind wir auch ein zuverl\u00e4ssiger und flexibler Partner f\u00fcr Gro\u00dfveranstaltungen (Dorffeste, Sch\u00fctzenfeste, usw.) [&hellip;]<\/p>\n","protected":false},"author":1,"featured_media":0,"parent":0,"menu_order":0,"comment_status":"closed","ping_status":"closed","template":"","meta":{"_acf_changed":false,"footnotes":""},"class_list":["post-42","page","type-page","status-publish","hentry"],"acf":[],"_links":{"self":[{"href":"https:\/\/getraenke-bode.de\/index.php\/wp-json\/wp\/v2\/pages\/42","targetHints":{"allow":["GET"]}}],"collection":[{"href":"https:\/\/getraenke-bode.de\/index.php\/wp-json\/wp\/v2\/pages"}],"about":[{"href":"https:\/\/getraenke-bode.de\/index.php\/wp-json\/wp\/v2\/types\/page"}],"author":[{"embeddable":true,"href":"https:\/\/getraenke-bode.de\/index.php\/wp-json\/wp\/v2\/users\/1"}],"replies":[{"embeddable":true,"href":"https:\/\/getraenke-bode.de\/index.php\/wp-json\/wp\/v2\/comments?post=42"}],"version-history":[{"count":53,"href":"https:\/\/getraenke-bode.de\/index.php\/wp-json\/wp\/v2\/pages\/42\/revisions"}],"predecessor-version":[{"id":2316,"href":"https:\/\/getraenke-bode.de\/index.php\/wp-json\/wp\/v2\/pages\/42\/revisions\/2316"}],"wp:attachment":[{"href":"https:\/\/getraenke-bode.de\/index.php\/wp-json\/wp\/v2\/media?parent=42"}],"curies":[{"name":"wp","href":"https:\/\/api.w.org\/{rel}","templated":true}]}}