{"id":60,"date":"2016-02-09T08:56:45","date_gmt":"2016-02-09T08:56:45","guid":{"rendered":"http:\/\/bode.staging.77ps.de\/?page_id=60"},"modified":"2024-11-25T08:14:51","modified_gmt":"2024-11-25T08:14:51","slug":"gastronomieservice","status":"publish","type":"page","link":"https:\/\/getraenke-bode.de\/index.php\/gastronomieservice\/","title":{"rendered":"Gastronomieservice"},"content":{"rendered":"<p class=\"lead\">Dienstleistungen f\u00fcr die Gastronomie<\/p>\n<p>&nbsp;<\/p>\n<p>&nbsp;<\/p>\n<p>Ihnen als Gastronomiekunden bieten wir, neben der Belieferung mit unserem Vollsortiment, auch umfangreiche Beratungs- und Serviceleistungen:<\/p>\n<ul>\n<li>Beratung bei der Planung von neuen Objekten und Ver\u00e4nderungen<\/li>\n<li>Vermittlung von Gastronomieobjekten<\/li>\n<li>Zuverl\u00e4ssigkeit bei der Belieferung<\/li>\n<li>F\u00fcr unsere Kunden auch Erreichbarkeit au\u00dferhalb der Gesch\u00e4ftszeiten<\/li>\n<li>Leihmaterial f\u00fcr gr\u00f6\u00dfere Veranstaltungen<\/li>\n<li><\/li>\n<li><\/li>\n<\/ul>\n<p><img loading=\"lazy\" decoding=\"async\" class=\"alignnone size-medium wp-image-360\" src=\"http:\/\/getraenke-bode.de\/wp-content\/uploads\/2016\/02\/Gastronomieservice_1-300x200.jpg\" alt=\"Gastronomieservice_1\" width=\"300\" height=\"200\" \/> <img loading=\"lazy\" decoding=\"async\" class=\"alignnone size-medium wp-image-361\" src=\"http:\/\/getraenke-bode.de\/wp-content\/uploads\/2016\/02\/Gastronomieservice_2-300x200.jpg\" alt=\"Gastronomieservice_2\" width=\"300\" height=\"200\" \/><\/p>\n<p>Sollten Sie Fragen haben, wenden Sie sich vertrauensvoll an Herrn Bernd Bode.<br \/>\nEr ber\u00e4t Sie gerne.<\/p>\n<h2><strong>In der Gastronomie arbeiten wir mit folgenden Lieferanten zusammen:<\/strong><\/h2>\n<p><a href=\"http:\/\/www.holsten-pilsener.de\" target=\"_blank\" rel=\"noopener noreferrer\"><img loading=\"lazy\" decoding=\"async\" class=\"alignnone size-medium wp-image-172\" src=\"http:\/\/getraenke-bode.de\/wp-content\/uploads\/2016\/02\/holsten.gif\" alt=\"holsten\" width=\"90\" height=\"60\" \/><\/a><a href=\"http:\/\/www.jever.de\/?52,33\" target=\"_blank\" rel=\"noopener noreferrer\"><img loading=\"lazy\" decoding=\"async\" class=\"alignnone size-medium wp-image-174\" src=\"http:\/\/getraenke-bode.de\/wp-content\/uploads\/2016\/02\/jever.gif\" alt=\"jever\" width=\"90\" height=\"60\" \/><\/a><a href=\"http:\/\/www.radeberger.de\/?85,22\" target=\"_blank\" rel=\"noopener noreferrer\"><img loading=\"lazy\" decoding=\"async\" class=\"alignnone size-medium wp-image-182\" src=\"http:\/\/getraenke-bode.de\/wp-content\/uploads\/2016\/02\/radeberger.gif\" alt=\"radeberger\" width=\"90\" height=\"60\" \/><\/a><a href=\"http:\/\/agecheck.bitburger-international.com\/404\/\" target=\"_blank\" rel=\"noopener noreferrer\"><img loading=\"lazy\" decoding=\"async\" class=\"alignnone size-medium wp-image-164\" src=\"http:\/\/getraenke-bode.de\/wp-content\/uploads\/2016\/02\/bitburger.gif\" alt=\"bitburger\" width=\"90\" height=\"60\" \/><\/a><a href=\"http:\/\/stauder.de\/?35,27\" target=\"_blank\" rel=\"noopener noreferrer\"><img loading=\"lazy\" decoding=\"async\" class=\"alignnone size-medium wp-image-185\" src=\"http:\/\/getraenke-bode.de\/wp-content\/uploads\/2016\/02\/stauder.gif\" alt=\"stauder\" width=\"90\" height=\"60\" \/><\/a><a href=\"https:\/\/www.krombacher.de\/verteiler.html\" target=\"_blank\" rel=\"noopener noreferrer\"><img loading=\"lazy\" decoding=\"async\" class=\"alignnone size-medium wp-image-176\" src=\"http:\/\/getraenke-bode.de\/wp-content\/uploads\/2016\/02\/krombacher.gif\" alt=\"krombacher\" width=\"90\" height=\"60\" \/><\/a><a href=\"http:\/\/www.wittinger.com\/startseite\/\" target=\"_blank\" rel=\"noopener noreferrer\"><img loading=\"lazy\" decoding=\"async\" class=\"alignnone size-full wp-image-190\" src=\"http:\/\/getraenke-bode.de\/wp-content\/uploads\/2016\/02\/wittinger.gif\" alt=\"wittinger\" width=\"90\" height=\"60\" \/><\/a><a href=\"https:\/\/www.herforder.de\/cms\/altersabfrage.html?tx_herforder_pi1[pid]=7\" target=\"_blank\" rel=\"noopener noreferrer\"><img loading=\"lazy\" decoding=\"async\" class=\"alignnone size-medium wp-image-171\" src=\"http:\/\/getraenke-bode.de\/wp-content\/uploads\/2016\/02\/herforder.gif\" alt=\"herforder\" width=\"90\" height=\"60\" \/><\/a><a href=\"http:\/\/www.warsteiner.de\/?47,33\" target=\"_blank\" rel=\"noopener noreferrer\"><img loading=\"lazy\" decoding=\"async\" class=\"alignnone size-medium wp-image-188\" src=\"http:\/\/getraenke-bode.de\/wp-content\/uploads\/2016\/02\/warsteiner.gif\" alt=\"warsteiner\" width=\"90\" height=\"60\" \/><\/a> <a href=\"http:\/\/www.veltins.de\/?59,33\" target=\"_blank\" rel=\"noopener noreferrer\"><img loading=\"lazy\" decoding=\"async\" class=\"alignnone size-medium wp-image-187\" src=\"http:\/\/getraenke-bode.de\/wp-content\/uploads\/2016\/02\/veltins.gif\" alt=\"veltins\" width=\"90\" height=\"60\" \/><\/a><a href=\"http:\/\/weihenstephaner.de\/de\/age-check?redirect=Lw%3D%3D\" target=\"_blank\" rel=\"noopener noreferrer\"><img loading=\"lazy\" decoding=\"async\" class=\"alignnone size-medium wp-image-189\" src=\"http:\/\/getraenke-bode.de\/wp-content\/uploads\/2016\/02\/weihenstephan.gif\" alt=\"weihenstephan\" width=\"90\" height=\"60\" \/><\/a><a href=\"http:\/\/www.schneider-weisse.de\/?38,40\" target=\"_blank\" rel=\"noopener noreferrer\"><img loading=\"lazy\" decoding=\"async\" class=\"alignnone size-medium wp-image-183\" src=\"http:\/\/getraenke-bode.de\/wp-content\/uploads\/2016\/02\/schneiderweisse.gif\" alt=\"schneiderweisse\" width=\"90\" height=\"60\" \/><\/a>\u00a0\u00a0 <a href=\"http:\/\/www.maisel.com\/?53,30\" target=\"_blank\" rel=\"noopener noreferrer\"><img loading=\"lazy\" decoding=\"async\" class=\"alignnone size-medium wp-image-177\" src=\"http:\/\/getraenke-bode.de\/wp-content\/uploads\/2016\/02\/maiselsweisse.gif\" alt=\"maiselsweisse\" width=\"90\" height=\"60\" \/><\/a><a href=\"http:\/\/www.erdinger.de\/age.php?r=L2RlL2VyZGluZ2VyLXdlaXNzYmllci1ob21lLmh0bWw=\" target=\"_blank\" rel=\"noopener noreferrer\"><img loading=\"lazy\" decoding=\"async\" class=\"alignnone size-medium wp-image-169\" src=\"http:\/\/getraenke-bode.de\/wp-content\/uploads\/2016\/02\/erdinger.gif\" alt=\"erdinger\" width=\"90\" height=\"60\" \/><\/a><a href=\"http:\/\/www.ab-inbev.com\/?30,35\" target=\"_blank\" rel=\"noopener noreferrer\"><img loading=\"lazy\" decoding=\"async\" class=\"alignnone size-medium wp-image-173\" src=\"http:\/\/getraenke-bode.de\/wp-content\/uploads\/2016\/02\/inbev.gif\" alt=\"inbev\" width=\"90\" height=\"60\" \/><\/a><a href=\"http:\/\/www.engelbier.de\/de\/welcome\/welcome.php5\" target=\"_blank\" rel=\"noopener noreferrer\"><img loading=\"lazy\" decoding=\"async\" class=\"alignnone size-medium wp-image-168\" src=\"http:\/\/getraenke-bode.de\/wp-content\/uploads\/2016\/02\/engel.gif\" alt=\"engel\" width=\"90\" height=\"60\" \/><\/a><a href=\"http:\/\/www.paulaner.de\/?60,42\" target=\"_blank\" rel=\"noopener noreferrer\"><img loading=\"lazy\" decoding=\"async\" class=\"alignnone size-medium wp-image-179\" src=\"http:\/\/getraenke-bode.de\/wp-content\/uploads\/2016\/02\/paulaner.gif\" alt=\"paulaner\" width=\"90\" height=\"60\" \/><\/a><a href=\"http:\/\/www.prinz.cc\/content\/main.php\" target=\"_blank\" rel=\"noopener noreferrer\"><img loading=\"lazy\" decoding=\"async\" class=\"alignnone size-medium wp-image-181\" src=\"http:\/\/getraenke-bode.de\/wp-content\/uploads\/2016\/02\/prinz.gif\" alt=\"prinz\" width=\"90\" height=\"60\" \/><\/a><a href=\"http:\/\/www.dithmarscher.de\/\" target=\"_blank\" rel=\"noopener noreferrer\"><img loading=\"lazy\" decoding=\"async\" class=\"alignnone size-medium wp-image-167\" src=\"http:\/\/getraenke-bode.de\/wp-content\/uploads\/2016\/02\/dithmarscher.gif\" alt=\"dithmarscher\" width=\"90\" height=\"60\" \/><\/a><\/p>\n<p>&nbsp;<\/p>\n<p><a href=\"http:\/\/www.klindworth-fruchtsaefte.de\/\" target=\"_blank\" rel=\"noopener noreferrer\"><img loading=\"lazy\" decoding=\"async\" class=\"alignnone size-medium wp-image-175\" src=\"http:\/\/getraenke-bode.de\/wp-content\/uploads\/2016\/02\/klindtworth.gif\" alt=\"klindtworth\" width=\"90\" height=\"60\" \/><\/a><a href=\"https:\/\/www.gerolsteiner.de\/\" target=\"_blank\" rel=\"noopener noreferrer\"><img loading=\"lazy\" decoding=\"async\" class=\"alignnone size-medium wp-image-170\" src=\"http:\/\/getraenke-bode.de\/wp-content\/uploads\/2016\/02\/gerolsteiner.gif\" alt=\"gerolsteiner\" width=\"90\" height=\"60\" \/><\/a><a href=\"http:\/\/www.toenissteiner.com\/\" target=\"_blank\" rel=\"noopener noreferrer\"><img loading=\"lazy\" decoding=\"async\" class=\"alignnone size-medium wp-image-186\" src=\"http:\/\/getraenke-bode.de\/wp-content\/uploads\/2016\/02\/toenissteiner.gif\" alt=\"toenissteiner\" width=\"90\" height=\"60\" \/><\/a>\u00a0 <a href=\"http:\/\/www.auburg.de\/\" target=\"_blank\" rel=\"noopener noreferrer\"><img loading=\"lazy\" decoding=\"async\" class=\"alignnone size-medium wp-image-162\" src=\"http:\/\/getraenke-bode.de\/wp-content\/uploads\/2016\/02\/auburg.gif\" alt=\"auburg\" width=\"90\" height=\"60\" \/><\/a><a href=\"http:\/\/www.nestle-marktplatz.de\/view\/marken\/fuerst-bismarck\/\" target=\"_blank\" rel=\"noopener noreferrer\"><img loading=\"lazy\" decoding=\"async\" class=\"alignnone size-medium wp-image-163\" src=\"http:\/\/getraenke-bode.de\/wp-content\/uploads\/2016\/02\/bismarck.gif\" alt=\"bismarck\" width=\"90\" height=\"60\" \/><\/a><a href=\"http:\/\/www.stmichaelis.de\/\" target=\"_blank\" rel=\"noopener noreferrer\"><img loading=\"lazy\" decoding=\"async\" class=\"alignnone size-medium wp-image-178\" src=\"http:\/\/getraenke-bode.de\/wp-content\/uploads\/2016\/02\/michaelis.gif\" alt=\"michaelis\" width=\"90\" height=\"60\" \/><\/a><a href=\"http:\/\/www.apollinaris.de\/de_de\/\" target=\"_blank\" rel=\"noopener noreferrer\"><img loading=\"lazy\" decoding=\"async\" class=\"alignnone size-full wp-image-161\" src=\"http:\/\/getraenke-bode.de\/wp-content\/uploads\/2016\/02\/apollinaris.gif\" alt=\"apollinaris\" width=\"90\" height=\"60\" \/><\/a><a href=\"http:\/\/www.sinalco.de\/start\" target=\"_blank\" rel=\"noopener noreferrer\"><img loading=\"lazy\" decoding=\"async\" class=\"alignnone size-medium wp-image-184\" src=\"http:\/\/getraenke-bode.de\/wp-content\/uploads\/2016\/02\/sinalco.gif\" alt=\"sinalco\" width=\"90\" height=\"60\" \/><\/a><a href=\"http:\/\/www.coke.de\" target=\"_blank\" rel=\"noopener noreferrer\"><img loading=\"lazy\" decoding=\"async\" class=\"alignnone size-medium wp-image-166\" src=\"http:\/\/getraenke-bode.de\/wp-content\/uploads\/2016\/02\/cocacola.gif\" alt=\"cocacola\" width=\"90\" height=\"60\" \/><\/a><a href=\"https:\/\/www.sanpellegrino.com\/de\/de\" target=\"_blank\" rel=\"noopener noreferrer\"><img loading=\"lazy\" decoding=\"async\" class=\"alignnone size-medium wp-image-180\" src=\"http:\/\/getraenke-bode.de\/wp-content\/uploads\/2016\/02\/pellegrino.gif\" alt=\"pellegrino\" width=\"90\" height=\"60\" \/><\/a><\/p>\n<p>&nbsp;<\/p>","protected":false},"excerpt":{"rendered":"<p>Dienstleistungen f\u00fcr die Gastronomie &nbsp; &nbsp; Ihnen als Gastronomiekunden bieten wir, neben der Belieferung mit unserem Vollsortiment, auch umfangreiche Beratungs- und Serviceleistungen: Beratung bei der Planung von neuen Objekten und Ver\u00e4nderungen Vermittlung von Gastronomieobjekten Zuverl\u00e4ssigkeit bei der Belieferung F\u00fcr unsere Kunden auch Erreichbarkeit au\u00dferhalb der Gesch\u00e4ftszeiten Leihmaterial f\u00fcr gr\u00f6\u00dfere Veranstaltungen Sollten Sie Fragen haben, wenden [&hellip;]<\/p>\n","protected":false},"author":1,"featured_media":0,"parent":0,"menu_order":0,"comment_status":"closed","ping_status":"closed","template":"","meta":{"_acf_changed":false,"footnotes":""},"class_list":["post-60","page","type-page","status-publish","hentry"],"acf":[],"_links":{"self":[{"href":"https:\/\/getraenke-bode.de\/index.php\/wp-json\/wp\/v2\/pages\/60","targetHints":{"allow":["GET"]}}],"collection":[{"href":"https:\/\/getraenke-bode.de\/index.php\/wp-json\/wp\/v2\/pages"}],"about":[{"href":"https:\/\/getraenke-bode.de\/index.php\/wp-json\/wp\/v2\/types\/page"}],"author":[{"embeddable":true,"href":"https:\/\/getraenke-bode.de\/index.php\/wp-json\/wp\/v2\/users\/1"}],"replies":[{"embeddable":true,"href":"https:\/\/getraenke-bode.de\/index.php\/wp-json\/wp\/v2\/comments?post=60"}],"version-history":[{"count":23,"href":"https:\/\/getraenke-bode.de\/index.php\/wp-json\/wp\/v2\/pages\/60\/revisions"}],"predecessor-version":[{"id":2548,"href":"https:\/\/getraenke-bode.de\/index.php\/wp-json\/wp\/v2\/pages\/60\/revisions\/2548"}],"wp:attachment":[{"href":"https:\/\/getraenke-bode.de\/index.php\/wp-json\/wp\/v2\/media?parent=60"}],"curies":[{"name":"wp","href":"https:\/\/api.w.org\/{rel}","templated":true}]}}