{"id":65,"date":"2016-02-09T09:19:46","date_gmt":"2016-02-09T09:19:46","guid":{"rendered":"http:\/\/bode.staging.77ps.de\/?page_id=65"},"modified":"2024-03-07T10:56:59","modified_gmt":"2024-03-07T10:56:59","slug":"veranstaltungsservice","status":"publish","type":"page","link":"https:\/\/getraenke-bode.de\/index.php\/veranstaltungsservice\/","title":{"rendered":"Veranstaltungsservice"},"content":{"rendered":"<p>&nbsp;<\/p>\n<p>&nbsp;<\/p>\n<p>&nbsp;<\/p>\n<p>&nbsp;<\/p>\n<p>&nbsp;<\/p>\n<p>&nbsp;<\/p>\n<p class=\"lead\"><strong>Veranstaltungsservice<\/strong><\/p>\n<p>&nbsp;<\/p>\n<p><span style=\"color: #ff0000;\">(Da wir Kommissionware bei Feiern nur ab gewissen Personenzahlen liefern,<\/span><\/p>\n<p><span style=\"color: #ff0000;\">\u00a0bitten wir Sie vorher um R\u00fccksprache.)<\/span><\/p>\n<p>&nbsp;<\/p>\n<p>&nbsp;<\/p>\n<p>Ob Polterabend, Hochzeit, Sommerparty oder Ihr Firmenjubil\u00e4um \u2013 Sie sind in Sachen Getr\u00e4nke und Ausstattung bei uns absolut richtig!<\/p>\n<p>Wir stellen Ihnen auf Wunsch folgendes Equipment leihweise zur Verf\u00fcgung:<\/p>\n<ul>\n<li>Bierausschankwagen<\/li>\n<li>K\u00fchlanh\u00e4nger<\/li>\n<li>Bierzapfanlagen<\/li>\n<li>Theken<\/li>\n<li>K\u00fchltruhen<\/li>\n<li>Stehtische<\/li>\n<li>Tische und Sitzb\u00e4nke<\/li>\n<li>Gl\u00e4ser f\u00fcr alle Getr\u00e4nke<\/li>\n<li>Gl\u00fchweinkocher mit Hahn<\/li>\n<\/ul>\n<p>&nbsp;<\/p>\n<p>F\u00fcr die K\u00fchlung Ihrer Getr\u00e4nke bieten wir Ihnen die entsprechenden K\u00fchlm\u00f6glichkeiten an. Selbstverst\u00e4ndlich erhalten Sie alle Getr\u00e4nke auf Kommission.<\/p>\n<p>Wir nehmen die <strong>vollen sortenreinen Kisten <\/strong>(Bier, alkoholfreie Getr\u00e4nke), F\u00e4sser und bei Wein, Sekt und Spirituosen auch einzelne Flaschen zur\u00fcck.<\/p>\n<p>Das entlastet Sie von evtl. gro\u00dfen Mengen an Getr\u00e4nken, die Sie nicht verbraucht haben.<\/p>\n<p>Gerne beraten wir Sie beim Sortiment und bei den Mengen, senden Sie uns einfach eine Mail mit allen Daten.<\/p>\n<p>&nbsp;<\/p>\n<p>(Unser Leihmaterial f\u00fcr den Ausschank und K\u00fchltechnik verleihen wir nur in<\/p>\n<p>Verbindung mit dem entsprechenden Getr\u00e4nkebezug.)<\/p>\n<p><strong>\u00dcber unser Leihmaterial erhalten Sie nachfolgend einige Bilder und wichtige Daten<\/strong>.<\/p>\n<p>&nbsp;<\/p>","protected":false},"excerpt":{"rendered":"<p>&nbsp; &nbsp; &nbsp; &nbsp; &nbsp; &nbsp; Veranstaltungsservice &nbsp; (Da wir Kommissionware bei Feiern nur ab gewissen Personenzahlen liefern, \u00a0bitten wir Sie vorher um R\u00fccksprache.) &nbsp; &nbsp; Ob Polterabend, Hochzeit, Sommerparty oder Ihr Firmenjubil\u00e4um \u2013 Sie sind in Sachen Getr\u00e4nke und Ausstattung bei uns absolut richtig! Wir stellen Ihnen auf Wunsch folgendes Equipment leihweise zur Verf\u00fcgung: [&hellip;]<\/p>\n","protected":false},"author":1,"featured_media":0,"parent":0,"menu_order":0,"comment_status":"closed","ping_status":"closed","template":"leihmaterial.php","meta":{"_acf_changed":false,"footnotes":""},"class_list":["post-65","page","type-page","status-publish","hentry"],"acf":[],"_links":{"self":[{"href":"https:\/\/getraenke-bode.de\/index.php\/wp-json\/wp\/v2\/pages\/65","targetHints":{"allow":["GET"]}}],"collection":[{"href":"https:\/\/getraenke-bode.de\/index.php\/wp-json\/wp\/v2\/pages"}],"about":[{"href":"https:\/\/getraenke-bode.de\/index.php\/wp-json\/wp\/v2\/types\/page"}],"author":[{"embeddable":true,"href":"https:\/\/getraenke-bode.de\/index.php\/wp-json\/wp\/v2\/users\/1"}],"replies":[{"embeddable":true,"href":"https:\/\/getraenke-bode.de\/index.php\/wp-json\/wp\/v2\/comments?post=65"}],"version-history":[{"count":84,"href":"https:\/\/getraenke-bode.de\/index.php\/wp-json\/wp\/v2\/pages\/65\/revisions"}],"predecessor-version":[{"id":2524,"href":"https:\/\/getraenke-bode.de\/index.php\/wp-json\/wp\/v2\/pages\/65\/revisions\/2524"}],"wp:attachment":[{"href":"https:\/\/getraenke-bode.de\/index.php\/wp-json\/wp\/v2\/media?parent=65"}],"curies":[{"name":"wp","href":"https:\/\/api.w.org\/{rel}","templated":true}]}}