{"id":71,"date":"2016-02-09T09:41:52","date_gmt":"2016-02-09T09:41:52","guid":{"rendered":"http:\/\/bode.staging.77ps.de\/?page_id=71"},"modified":"2016-11-24T16:53:24","modified_gmt":"2016-11-24T16:53:24","slug":"eiswurfelservice","status":"publish","type":"page","link":"https:\/\/getraenke-bode.de\/index.php\/eiswurfelservice\/","title":{"rendered":"Eisw\u00fcrfelservice"},"content":{"rendered":"<p class=\"lead\">Eisw\u00fcrfelservice<\/p>\n<p><strong>Warten Sie nicht auf k\u00e4ltere Zeiten &#8211; kommen Sie zu uns!<\/strong><\/p>\n<p>F\u00fcr die K\u00fchlung Ihrer Getr\u00e4nke erhalten Sie auch Eisw\u00fcrfel in gr\u00f6\u00dferen Mengen. Abgepackt in 5 Kg S\u00e4cke oder auch als &#8222;Crushed Ice&#8220; verf\u00fcgbar. F\u00fcr den Transport und die Auf bewahrung verleihen wir Ihnen\u00a0 die passenden K\u00fchlboxen, oder f\u00fcr gr\u00f6\u00dfere Mengen auch Tiefk\u00fchltruhen.<\/p>\n<p>Crushed Ice und\u00a0 Eisw\u00fcrfel in gr\u00f6\u00dferen Mengen bitte vorbestellen.<\/p>","protected":false},"excerpt":{"rendered":"<p>Eisw\u00fcrfelservice Warten Sie nicht auf k\u00e4ltere Zeiten &#8211; kommen Sie zu uns! F\u00fcr die K\u00fchlung Ihrer Getr\u00e4nke erhalten Sie auch Eisw\u00fcrfel in gr\u00f6\u00dferen Mengen. Abgepackt in 5 Kg S\u00e4cke oder auch als &#8222;Crushed Ice&#8220; verf\u00fcgbar. F\u00fcr den Transport und die Auf bewahrung verleihen wir Ihnen\u00a0 die passenden K\u00fchlboxen, oder f\u00fcr gr\u00f6\u00dfere Mengen auch Tiefk\u00fchltruhen. Crushed [&hellip;]<\/p>\n","protected":false},"author":1,"featured_media":0,"parent":0,"menu_order":0,"comment_status":"closed","ping_status":"closed","template":"","meta":{"_acf_changed":false,"footnotes":""},"class_list":["post-71","page","type-page","status-publish","hentry"],"acf":[],"_links":{"self":[{"href":"https:\/\/getraenke-bode.de\/index.php\/wp-json\/wp\/v2\/pages\/71","targetHints":{"allow":["GET"]}}],"collection":[{"href":"https:\/\/getraenke-bode.de\/index.php\/wp-json\/wp\/v2\/pages"}],"about":[{"href":"https:\/\/getraenke-bode.de\/index.php\/wp-json\/wp\/v2\/types\/page"}],"author":[{"embeddable":true,"href":"https:\/\/getraenke-bode.de\/index.php\/wp-json\/wp\/v2\/users\/1"}],"replies":[{"embeddable":true,"href":"https:\/\/getraenke-bode.de\/index.php\/wp-json\/wp\/v2\/comments?post=71"}],"version-history":[{"count":7,"href":"https:\/\/getraenke-bode.de\/index.php\/wp-json\/wp\/v2\/pages\/71\/revisions"}],"predecessor-version":[{"id":804,"href":"https:\/\/getraenke-bode.de\/index.php\/wp-json\/wp\/v2\/pages\/71\/revisions\/804"}],"wp:attachment":[{"href":"https:\/\/getraenke-bode.de\/index.php\/wp-json\/wp\/v2\/media?parent=71"}],"curies":[{"name":"wp","href":"https:\/\/api.w.org\/{rel}","templated":true}]}}