{"id":82,"date":"2016-02-09T10:10:07","date_gmt":"2016-02-09T10:10:07","guid":{"rendered":"http:\/\/bode.staging.77ps.de\/?page_id=82"},"modified":"2025-03-06T14:00:57","modified_gmt":"2025-03-06T14:00:57","slug":"biere","status":"publish","type":"page","link":"https:\/\/getraenke-bode.de\/index.php\/biere\/","title":{"rendered":"Biere"},"content":{"rendered":"<p><img loading=\"lazy\" decoding=\"async\" class=\"size-full wp-image-85 alignright\" style=\"padding-left: 20px;\" src=\"http:\/\/getraenke-bode.de\/wp-content\/uploads\/2016\/02\/ob_sortiment_biere.jpg\" alt=\"ob_sortiment_biere\" width=\"220\" height=\"293\" \/><\/p>\n<p style=\"text-align: left;\">Sie m\u00fcssen auf nichts verzichten. Unsere gro\u00dfe Produktauswahl und -vielfalt wird Sie bestimmt \u00fcberzeugen. Denken Sie daran, dass wir Ihnen auf Wunsch auch die Getr\u00e4nke anliefern. N\u00e4heres dazu finden Sie unter <a href=\"\/index.php\/lieferservice-heimdienst\/\">Lieferservice<\/a>.<\/p>\n<ul style=\"text-align: left;\">\n<li>Pilsbiere f\u00fchrender deutscher Brauereien<\/li>\n<li>Export-, Bock- und Altbier<\/li>\n<li>Weizen-, Dunkel und Schwarzbier, Bierspezialit\u00e4ten<\/li>\n<li>Light-, Alkoholfrei und Malzbier<\/li>\n<\/ul>\n<p><a href=\"https:\/\/getraenke-bode.de\/wp-content\/uploads\/2023\/02\/Flaschenbier-11222.pdf\">Flaschenbier 11,2,22<\/a><\/p>\n<p><a href=\"https:\/\/getraenke-bode.de\/wp-content\/uploads\/2023\/02\/fassbier-11223.pdf\">fa\u00dfbier 11,2,23<\/a><\/p>","protected":false},"excerpt":{"rendered":"<p>Sie m\u00fcssen auf nichts verzichten. Unsere gro\u00dfe Produktauswahl und -vielfalt wird Sie bestimmt \u00fcberzeugen. Denken Sie daran, dass wir Ihnen auf Wunsch auch die Getr\u00e4nke anliefern. N\u00e4heres dazu finden Sie unter Lieferservice. Pilsbiere f\u00fchrender deutscher Brauereien Export-, Bock- und Altbier Weizen-, Dunkel und Schwarzbier, Bierspezialit\u00e4ten Light-, Alkoholfrei und Malzbier Flaschenbier 11,2,22 fa\u00dfbier 11,2,23<\/p>\n","protected":false},"author":1,"featured_media":0,"parent":0,"menu_order":0,"comment_status":"closed","ping_status":"closed","template":"sortiment.php","meta":{"_acf_changed":false,"footnotes":""},"class_list":["post-82","page","type-page","status-publish","hentry"],"acf":[],"_links":{"self":[{"href":"https:\/\/getraenke-bode.de\/index.php\/wp-json\/wp\/v2\/pages\/82","targetHints":{"allow":["GET"]}}],"collection":[{"href":"https:\/\/getraenke-bode.de\/index.php\/wp-json\/wp\/v2\/pages"}],"about":[{"href":"https:\/\/getraenke-bode.de\/index.php\/wp-json\/wp\/v2\/types\/page"}],"author":[{"embeddable":true,"href":"https:\/\/getraenke-bode.de\/index.php\/wp-json\/wp\/v2\/users\/1"}],"replies":[{"embeddable":true,"href":"https:\/\/getraenke-bode.de\/index.php\/wp-json\/wp\/v2\/comments?post=82"}],"version-history":[{"count":54,"href":"https:\/\/getraenke-bode.de\/index.php\/wp-json\/wp\/v2\/pages\/82\/revisions"}],"predecessor-version":[{"id":2677,"href":"https:\/\/getraenke-bode.de\/index.php\/wp-json\/wp\/v2\/pages\/82\/revisions\/2677"}],"wp:attachment":[{"href":"https:\/\/getraenke-bode.de\/index.php\/wp-json\/wp\/v2\/media?parent=82"}],"curies":[{"name":"wp","href":"https:\/\/api.w.org\/{rel}","templated":true}]}}