{"id":94,"date":"2016-02-09T11:20:56","date_gmt":"2016-02-09T11:20:56","guid":{"rendered":"http:\/\/bode.staging.77ps.de\/?page_id=94"},"modified":"2025-03-06T14:02:20","modified_gmt":"2025-03-06T14:02:20","slug":"alkoholfreie-getranke","status":"publish","type":"page","link":"https:\/\/getraenke-bode.de\/index.php\/alkoholfreie-getranke\/","title":{"rendered":"Alkoholfreie Getr\u00e4nke"},"content":{"rendered":"<p class=\"lead\">Unser Sortiment: Alkoholfreie Getr\u00e4nke<\/p>\n<p><img loading=\"lazy\" decoding=\"async\" class=\"size-full wp-image-84 alignright\" style=\"padding-left: 20px;\" src=\"http:\/\/getraenke-bode.de\/wp-content\/uploads\/2016\/02\/ob_sortiment_alkfreie-g.jpg\" alt=\"ob_sortiment_alkfreie-g\" width=\"220\" height=\"293\" \/><\/p>\n<p>Sie m\u00fcssen auf nichts verzichten. Unsere gro\u00dfe Produktauswahl und -vielfalt wird Sie bestimmt \u00fcberzeugen. Denken Sie daran, dass wir Ihnen auf Wunsch auch die Getr\u00e4nke anliefern. N\u00e4heres dazu finden Sie unter <a href=\"\/index.php\/lieferservice-heimdienst\/\">Lieferservice<\/a>.<\/p>\n<ul>\n<li>Limonaden und Colagetr\u00e4nke<\/li>\n<li>Mineralwasser mit normaler, wenig und ohne Kohlens\u00e4ure aus dem In- und Ausland<\/li>\n<\/ul>\n<p><a href=\"https:\/\/getraenke-bode.de\/wp-content\/uploads\/2024\/04\/afg.pdf\">alkoholfreie Getr\u00e4nke<\/a><\/p>","protected":false},"excerpt":{"rendered":"<p>Unser Sortiment: Alkoholfreie Getr\u00e4nke Sie m\u00fcssen auf nichts verzichten. Unsere gro\u00dfe Produktauswahl und -vielfalt wird Sie bestimmt \u00fcberzeugen. Denken Sie daran, dass wir Ihnen auf Wunsch auch die Getr\u00e4nke anliefern. N\u00e4heres dazu finden Sie unter Lieferservice. Limonaden und Colagetr\u00e4nke Mineralwasser mit normaler, wenig und ohne Kohlens\u00e4ure aus dem In- und Ausland alkoholfreie Getr\u00e4nke<\/p>\n","protected":false},"author":1,"featured_media":0,"parent":0,"menu_order":0,"comment_status":"closed","ping_status":"closed","template":"sortiment.php","meta":{"_acf_changed":false,"footnotes":""},"class_list":["post-94","page","type-page","status-publish","hentry"],"acf":[],"_links":{"self":[{"href":"https:\/\/getraenke-bode.de\/index.php\/wp-json\/wp\/v2\/pages\/94","targetHints":{"allow":["GET"]}}],"collection":[{"href":"https:\/\/getraenke-bode.de\/index.php\/wp-json\/wp\/v2\/pages"}],"about":[{"href":"https:\/\/getraenke-bode.de\/index.php\/wp-json\/wp\/v2\/types\/page"}],"author":[{"embeddable":true,"href":"https:\/\/getraenke-bode.de\/index.php\/wp-json\/wp\/v2\/users\/1"}],"replies":[{"embeddable":true,"href":"https:\/\/getraenke-bode.de\/index.php\/wp-json\/wp\/v2\/comments?post=94"}],"version-history":[{"count":43,"href":"https:\/\/getraenke-bode.de\/index.php\/wp-json\/wp\/v2\/pages\/94\/revisions"}],"predecessor-version":[{"id":2678,"href":"https:\/\/getraenke-bode.de\/index.php\/wp-json\/wp\/v2\/pages\/94\/revisions\/2678"}],"wp:attachment":[{"href":"https:\/\/getraenke-bode.de\/index.php\/wp-json\/wp\/v2\/media?parent=94"}],"curies":[{"name":"wp","href":"https:\/\/api.w.org\/{rel}","templated":true}]}}