{"id":97,"date":"2016-02-09T11:28:37","date_gmt":"2016-02-09T11:28:37","guid":{"rendered":"http:\/\/bode.staging.77ps.de\/?page_id=97"},"modified":"2025-03-06T13:56:53","modified_gmt":"2025-03-06T13:56:53","slug":"frucht-und-gemusesafte","status":"publish","type":"page","link":"https:\/\/getraenke-bode.de\/index.php\/frucht-und-gemusesafte\/","title":{"rendered":"Frucht- und Gem\u00fcses\u00e4fte"},"content":{"rendered":"<p class=\"lead\">Unser Sortiment: Frucht- und Gem\u00fcses\u00e4fte<\/p>\n<p><img loading=\"lazy\" decoding=\"async\" class=\"size-full wp-image-86 alignright\" style=\"padding-left: 20px;\" src=\"http:\/\/getraenke-bode.de\/wp-content\/uploads\/2016\/02\/ob_sortiment_gfruchts.jpg\" alt=\"ob_sortiment_g+fruchts\" width=\"220\" height=\"293\" \/><\/p>\n<p>Sie m\u00fcssen auf nichts verzichten. Unsere gro\u00dfe Produktauswahl und -vielfalt wird Sie bestimmt \u00fcberzeugen. Denken Sie daran, dass wir Ihnen auf Wunsch auch die Getr\u00e4nke anliefern. N\u00e4heres dazu finden Sie unter <a href=\"\/index.php\/lieferservice-heimdienst\/\">Lieferservice<\/a>.<\/p>\n<ul>\n<li>S\u00e4fte in diversen Geschmacksrichtungen<\/li>\n<li>Light- und kalorienarme Getr\u00e4nke<\/li>\n<\/ul>\n<p><a href=\"https:\/\/getraenke-bode.de\/wp-content\/uploads\/2023\/02\/saefte.pdf\">s\u00e4fte<\/a><\/p>","protected":false},"excerpt":{"rendered":"<p>Unser Sortiment: Frucht- und Gem\u00fcses\u00e4fte Sie m\u00fcssen auf nichts verzichten. Unsere gro\u00dfe Produktauswahl und -vielfalt wird Sie bestimmt \u00fcberzeugen. Denken Sie daran, dass wir Ihnen auf Wunsch auch die Getr\u00e4nke anliefern. N\u00e4heres dazu finden Sie unter Lieferservice. S\u00e4fte in diversen Geschmacksrichtungen Light- und kalorienarme Getr\u00e4nke s\u00e4fte<\/p>\n","protected":false},"author":1,"featured_media":0,"parent":0,"menu_order":0,"comment_status":"closed","ping_status":"closed","template":"sortiment.php","meta":{"_acf_changed":false,"footnotes":""},"class_list":["post-97","page","type-page","status-publish","hentry"],"acf":[],"_links":{"self":[{"href":"https:\/\/getraenke-bode.de\/index.php\/wp-json\/wp\/v2\/pages\/97","targetHints":{"allow":["GET"]}}],"collection":[{"href":"https:\/\/getraenke-bode.de\/index.php\/wp-json\/wp\/v2\/pages"}],"about":[{"href":"https:\/\/getraenke-bode.de\/index.php\/wp-json\/wp\/v2\/types\/page"}],"author":[{"embeddable":true,"href":"https:\/\/getraenke-bode.de\/index.php\/wp-json\/wp\/v2\/users\/1"}],"replies":[{"embeddable":true,"href":"https:\/\/getraenke-bode.de\/index.php\/wp-json\/wp\/v2\/comments?post=97"}],"version-history":[{"count":20,"href":"https:\/\/getraenke-bode.de\/index.php\/wp-json\/wp\/v2\/pages\/97\/revisions"}],"predecessor-version":[{"id":2676,"href":"https:\/\/getraenke-bode.de\/index.php\/wp-json\/wp\/v2\/pages\/97\/revisions\/2676"}],"wp:attachment":[{"href":"https:\/\/getraenke-bode.de\/index.php\/wp-json\/wp\/v2\/media?parent=97"}],"curies":[{"name":"wp","href":"https:\/\/api.w.org\/{rel}","templated":true}]}}